{"id":2202,"date":"2025-10-23T13:21:27","date_gmt":"2025-10-23T13:21:27","guid":{"rendered":"https:\/\/soho.ceweb-group.eu\/?page_id=2202"},"modified":"2026-01-15T17:23:59","modified_gmt":"2026-01-15T17:23:59","slug":"index-projets","status":"publish","type":"page","link":"https:\/\/soho-aquitaine.com\/en\/index-projets\/","title":{"rendered":"Index"},"content":{"rendered":"\t\t<div data-elementor-type=\"wp-page\" data-elementor-id=\"2202\" class=\"elementor elementor-2202\" data-elementor-settings=\"{&quot;element_pack_global_tooltip_width&quot;:{&quot;unit&quot;:&quot;px&quot;,&quot;size&quot;:&quot;&quot;,&quot;sizes&quot;:[]},&quot;element_pack_global_tooltip_width_tablet&quot;:{&quot;unit&quot;:&quot;px&quot;,&quot;size&quot;:&quot;&quot;,&quot;sizes&quot;:[]},&quot;element_pack_global_tooltip_width_mobile&quot;:{&quot;unit&quot;:&quot;px&quot;,&quot;size&quot;:&quot;&quot;,&quot;sizes&quot;:[]},&quot;element_pack_global_tooltip_padding&quot;:{&quot;unit&quot;:&quot;px&quot;,&quot;top&quot;:&quot;&quot;,&quot;right&quot;:&quot;&quot;,&quot;bottom&quot;:&quot;&quot;,&quot;left&quot;:&quot;&quot;,&quot;isLinked&quot;:true},&quot;element_pack_global_tooltip_padding_tablet&quot;:{&quot;unit&quot;:&quot;px&quot;,&quot;top&quot;:&quot;&quot;,&quot;right&quot;:&quot;&quot;,&quot;bottom&quot;:&quot;&quot;,&quot;left&quot;:&quot;&quot;,&quot;isLinked&quot;:true},&quot;element_pack_global_tooltip_padding_mobile&quot;:{&quot;unit&quot;:&quot;px&quot;,&quot;top&quot;:&quot;&quot;,&quot;right&quot;:&quot;&quot;,&quot;bottom&quot;:&quot;&quot;,&quot;left&quot;:&quot;&quot;,&quot;isLinked&quot;:true},&quot;element_pack_global_tooltip_border_radius&quot;:{&quot;unit&quot;:&quot;px&quot;,&quot;top&quot;:&quot;&quot;,&quot;right&quot;:&quot;&quot;,&quot;bottom&quot;:&quot;&quot;,&quot;left&quot;:&quot;&quot;,&quot;isLinked&quot;:true},&quot;element_pack_global_tooltip_border_radius_tablet&quot;:{&quot;unit&quot;:&quot;px&quot;,&quot;top&quot;:&quot;&quot;,&quot;right&quot;:&quot;&quot;,&quot;bottom&quot;:&quot;&quot;,&quot;left&quot;:&quot;&quot;,&quot;isLinked&quot;:true},&quot;element_pack_global_tooltip_border_radius_mobile&quot;:{&quot;unit&quot;:&quot;px&quot;,&quot;top&quot;:&quot;&quot;,&quot;right&quot;:&quot;&quot;,&quot;bottom&quot;:&quot;&quot;,&quot;left&quot;:&quot;&quot;,&quot;isLinked&quot;:true}}\" data-elementor-post-type=\"page\">\n\t\t\t\t<div class=\"elementor-element elementor-element-4ef6fe9 e-con-full e-flex e-con e-parent\" data-id=\"4ef6fe9\" data-element_type=\"container\" data-e-type=\"container\">\n\t\t\t\t<div class=\"elementor-element elementor-element-dc31767 elementor-invisible elementor-widget elementor-widget-bdt-advanced-heading\" data-id=\"dc31767\" data-element_type=\"widget\" data-e-type=\"widget\" data-settings=\"{&quot;_animation&quot;:&quot;fadeIn&quot;}\" data-widget_type=\"bdt-advanced-heading.default\">\n\t\t\t\t\t<div id=\"dc31767\" class=\"bdt-ep-advanced-heading\" data-settings=\"{&quot;titleMultiColor&quot;:&quot;no&quot;}\"><div class=\"bdt-ep-advanced-heading-content bdt-visible@m\"><div class=\"bdt-transform-origin-top-left\">Index<\/div><\/div><h2 class=\"bdt-ep-advanced-heading-title\"><span class=\"bdt-ep-advanced-heading-main-title\"><span class=\"bdt-ep-advanced-heading-main-title-inner\">Index<\/span><\/span><\/h2><\/div>\t\t\t\t<\/div>\n\t\t\t\t<\/div>\n\t\t<div class=\"elementor-element elementor-element-bdf29c9 e-con-full e-flex e-con e-parent\" data-id=\"bdf29c9\" data-element_type=\"container\" data-e-type=\"container\">\n\t\t\t\t<div class=\"elementor-element elementor-element-db0d6da elementor-widget elementor-widget-html\" data-id=\"db0d6da\" data-element_type=\"widget\" data-e-type=\"widget\" data-widget_type=\"html.default\">\n\t\t\t\t\t<div class=\"soho-portfolio\">\r\n  <ul class=\"soho-filters\">\r\n    <li data-filter=\"tout\">Tout<\/li>\r\n    <li data-filter=\"logements\">Logements<\/li>\r\n    <li data-filter=\"residences-gerees\">R\u00e9sidences g\u00e9r\u00e9es<\/li>\r\n    <li data-filter=\"retail\">Retail<\/li>\r\n    <li data-filter=\"activite-logistique-industrie\">Activit\u00e9 \/ Logistique \/ Industrie<\/li>\r\n    <li data-filter=\"tertiaire-hospitality\">Tertiaire \/ Hospitality<\/li>\r\n    <li data-filter=\"urbanisme\">Urbanisme<\/li>\r\n    <li data-filter=\"restructuration\">Restructuration<\/li>\r\n    <li><a href=\"\/index-projets\">Index<\/a><\/li>\r\n  <\/ul>\r\n<\/div>\r\n\t\t\t\t<\/div>\n\t\t\t\t<div class=\"elementor-element elementor-element-d52a6ff elementor-widget elementor-widget-html\" data-id=\"d52a6ff\" data-element_type=\"widget\" data-e-type=\"widget\" data-widget_type=\"html.default\">\n\t\t\t\t\t<script>\r\ndocument.addEventListener('DOMContentLoaded', function() {\r\n  const filters = document.querySelectorAll('.soho-filters li[data-filter]');\r\n\r\n  filters.forEach(f => {\r\n    f.addEventListener('click', function() {\r\n      const filter = this.dataset.filter;\r\n      if (!filter) return;\r\n\r\n      \/\/ On stocke le filtre choisi\r\n      localStorage.setItem('soho_filter', filter);\r\n\r\n      \/\/ On redirige vers la page Projets ( adapte l'URL ci-dessous)\r\n      window.location.href = '\/projets';\r\n    });\r\n  });\r\n});\r\n<\/script>\r\n\t\t\t\t<\/div>\n\t\t\t\t<div class=\"elementor-element elementor-element-6859dce bdt-hide-entries-on-mobile-yes elementor-widget elementor-widget-bdt-table\" data-id=\"6859dce\" data-element_type=\"widget\" data-e-type=\"widget\" data-widget_type=\"bdt-table.default\">\n\t\t\t\t\t\t\t<div class=\"bdt-table bdt-table-default-responsive bdt-data-table\" id=\"bdt-table-6859dce\" data-settings=\"{&quot;paging&quot;:true,&quot;info&quot;:true,&quot;searching&quot;:true,&quot;ordering&quot;:true}\">\n\t\t\t\n\t\t<table class=\"bdt-static-table\">\n\n\t\t\t<thead>\n\t\t\t\t<tr>\n\t\t\t\t\t\t\t\t\t\t\t<th class=\"bdt-static-column-cell elementor-repeater-item-b4bc464\">\n\t\t\t\t\t\t\t<div class=\"bdt-static-column-cell-wrap\">\n\t\t\t\t\t\t\t\t<div class=\"bdt-static-column-cell-text\">\n\t\t\t\t\t\t\t\t\tOp\u00e9ration\t\t\t\t\t\t\t\t<\/div>\n\t\t\t\t\t\t\t\t\n\t\t\t\t\t\t\t\t\n\t\t\t\t\t\t\t<\/div>\n\t\t\t\t\t\t<\/th>\n\n\t\t\t\t\t\t\t\t\t\t\t<th class=\"bdt-static-column-cell elementor-repeater-item-399fcfc\">\n\t\t\t\t\t\t\t<div class=\"bdt-static-column-cell-wrap\">\n\t\t\t\t\t\t\t\t<div class=\"bdt-static-column-cell-text\">\n\t\t\t\t\t\t\t\t\tMOA\t\t\t\t\t\t\t\t<\/div>\n\t\t\t\t\t\t\t\t\n\t\t\t\t\t\t\t\t\n\t\t\t\t\t\t\t<\/div>\n\t\t\t\t\t\t<\/th>\n\n\t\t\t\t\t\t\t\t\t\t\t<th class=\"bdt-static-column-cell elementor-repeater-item-b4ac787\">\n\t\t\t\t\t\t\t<div class=\"bdt-static-column-cell-wrap\">\n\t\t\t\t\t\t\t\t<div class=\"bdt-static-column-cell-text\">\n\t\t\t\t\t\t\t\t\tCat\u00e9gorie\t\t\t\t\t\t\t\t<\/div>\n\t\t\t\t\t\t\t\t\n\t\t\t\t\t\t\t\t\n\t\t\t\t\t\t\t<\/div>\n\t\t\t\t\t\t<\/th>\n\n\t\t\t\t\t\t\t\t\t\t\t<th class=\"bdt-static-column-cell elementor-repeater-item-b1399b9\">\n\t\t\t\t\t\t\t<div class=\"bdt-static-column-cell-wrap\">\n\t\t\t\t\t\t\t\t<div class=\"bdt-static-column-cell-text\">\n\t\t\t\t\t\t\t\t\tVille\t\t\t\t\t\t\t\t<\/div>\n\t\t\t\t\t\t\t\t\n\t\t\t\t\t\t\t\t\n\t\t\t\t\t\t\t<\/div>\n\t\t\t\t\t\t<\/th>\n\n\t\t\t\t\t\t\t\t\t\t\t<th class=\"bdt-static-column-cell elementor-repeater-item-748f905\">\n\t\t\t\t\t\t\t<div class=\"bdt-static-column-cell-wrap\">\n\t\t\t\t\t\t\t\t<div class=\"bdt-static-column-cell-text\">\n\t\t\t\t\t\t\t\t\tDescription\t\t\t\t\t\t\t\t<\/div>\n\t\t\t\t\t\t\t\t\n\t\t\t\t\t\t\t\t\n\t\t\t\t\t\t\t<\/div>\n\t\t\t\t\t\t<\/th>\n\n\t\t\t\t\t\t\t\t\t\t\t<th class=\"bdt-static-column-cell elementor-repeater-item-731abf6\">\n\t\t\t\t\t\t\t<div class=\"bdt-static-column-cell-wrap\">\n\t\t\t\t\t\t\t\t<div class=\"bdt-static-column-cell-text\">\n\t\t\t\t\t\t\t\t\tMission\t\t\t\t\t\t\t\t<\/div>\n\t\t\t\t\t\t\t\t\n\t\t\t\t\t\t\t\t\n\t\t\t\t\t\t\t<\/div>\n\t\t\t\t\t\t<\/th>\n\n\t\t\t\t\t\t\t\t\t\t\t<th class=\"bdt-static-column-cell elementor-repeater-item-df84f5e\">\n\t\t\t\t\t\t\t<div class=\"bdt-static-column-cell-wrap\">\n\t\t\t\t\t\t\t\t<div class=\"bdt-static-column-cell-text\">\n\t\t\t\t\t\t\t\t\tSHAB\t\t\t\t\t\t\t\t<\/div>\n\t\t\t\t\t\t\t\t\n\t\t\t\t\t\t\t\t\n\t\t\t\t\t\t\t<\/div>\n\t\t\t\t\t\t<\/th>\n\n\t\t\t\t\t\t\t\t\t\t\t<th class=\"bdt-static-column-cell elementor-repeater-item-b3ad626\">\n\t\t\t\t\t\t\t<div class=\"bdt-static-column-cell-wrap\">\n\t\t\t\t\t\t\t\t<div class=\"bdt-static-column-cell-text\">\n\t\t\t\t\t\t\t\t\tSDP\t\t\t\t\t\t\t\t<\/div>\n\t\t\t\t\t\t\t\t\n\t\t\t\t\t\t\t\t\n\t\t\t\t\t\t\t<\/div>\n\t\t\t\t\t\t<\/th>\n\n\t\t\t\t\t\t\t\t\t\t\t<th class=\"bdt-static-column-cell elementor-repeater-item-0fdd28c\">\n\t\t\t\t\t\t\t<div class=\"bdt-static-column-cell-wrap\">\n\t\t\t\t\t\t\t\t<div class=\"bdt-static-column-cell-text\">\n\t\t\t\t\t\t\t\t\tCo\u00fbt (k\u20ac HT)\t\t\t\t\t\t\t\t<\/div>\n\t\t\t\t\t\t\t\t\n\t\t\t\t\t\t\t\t\n\t\t\t\t\t\t\t<\/div>\n\t\t\t\t\t\t<\/th>\n\n\t\t\t\t\t\t\t\t\t\t\t<th class=\"bdt-static-column-cell elementor-repeater-item-287b8f2\">\n\t\t\t\t\t\t\t<div class=\"bdt-static-column-cell-wrap\">\n\t\t\t\t\t\t\t\t<div class=\"bdt-static-column-cell-text\">\n\t\t\t\t\t\t\t\t\tLivraison\t\t\t\t\t\t\t\t<\/div>\n\t\t\t\t\t\t\t\t\n\t\t\t\t\t\t\t\t\n\t\t\t\t\t\t\t<\/div>\n\t\t\t\t\t\t<\/th>\n\n\t\t\t\t\t\t\t\t\t<\/tr>\n\t\t\t<\/thead>\n\n\t\t\t<tbody>\n\t\t\t\t\t\t\t<\/tbody>\n\n\t\t<\/table>\n\n\t\t\t\t<\/div>\n\t\t\t\t\t\t<\/div>\n\t\t\t\t<\/div>\n\t\t\t\t<\/div>\n\t\t","protected":false},"excerpt":{"rendered":"<p>Index Index Tout Logements R\u00e9sidences g\u00e9r\u00e9es Retail Activit\u00e9 \/ Logistique \/ Industrie Tertiaire \/ Hospitality Urbanisme Restructuration Index Op\u00e9ration MOA Cat\u00e9gorie Ville Description Mission SHAB SDP Co\u00fbt (k\u20ac HT) Livraison<\/p>","protected":false},"author":2,"featured_media":0,"parent":0,"menu_order":0,"comment_status":"closed","ping_status":"closed","template":"","meta":{"_acf_changed":false,"footnotes":""},"class_list":["post-2202","page","type-page","status-publish","hentry"],"blocksy_meta":{"has_hero_section":"disabled","styles_descriptor":{"styles":{"desktop":"","tablet":"","mobile":""},"google_fonts":[],"version":6}},"acf":[],"yoast_head":"<!-- This site is optimized with the Yoast SEO plugin v27.5 - https:\/\/yoast.com\/product\/yoast-seo-wordpress\/ -->\n<title>Index - SOHO Aquitaine<\/title>\n<meta name=\"robots\" content=\"index, follow, max-snippet:-1, max-image-preview:large, max-video-preview:-1\" \/>\n<link rel=\"canonical\" href=\"https:\/\/soho-aquitaine.com\/en\/index-projets\/\" \/>\n<meta property=\"og:locale\" content=\"en_US\" \/>\n<meta property=\"og:type\" content=\"article\" \/>\n<meta property=\"og:title\" content=\"Index - SOHO Aquitaine\" \/>\n<meta property=\"og:description\" content=\"Index Index Tout Logements R\u00e9sidences g\u00e9r\u00e9es Retail Activit\u00e9 \/ Logistique \/ Industrie Tertiaire \/ Hospitality Urbanisme Restructuration Index Op\u00e9ration MOA Cat\u00e9gorie Ville Description Mission SHAB SDP Co\u00fbt (k\u20ac HT) Livraison\" \/>\n<meta property=\"og:url\" content=\"https:\/\/soho-aquitaine.com\/en\/index-projets\/\" \/>\n<meta property=\"og:site_name\" content=\"SOHO Aquitaine\" \/>\n<meta property=\"article:modified_time\" content=\"2026-01-15T17:23:59+00:00\" \/>\n<meta name=\"twitter:card\" content=\"summary_large_image\" \/>\n<script type=\"application\/ld+json\" class=\"yoast-schema-graph\">{\"@context\":\"https:\\\/\\\/schema.org\",\"@graph\":[{\"@type\":\"WebPage\",\"@id\":\"https:\\\/\\\/soho-aquitaine.com\\\/index-projets\\\/\",\"url\":\"https:\\\/\\\/soho-aquitaine.com\\\/index-projets\\\/\",\"name\":\"Index - SOHO Aquitaine\",\"isPartOf\":{\"@id\":\"https:\\\/\\\/soho-aquitaine.com\\\/#website\"},\"datePublished\":\"2025-10-23T13:21:27+00:00\",\"dateModified\":\"2026-01-15T17:23:59+00:00\",\"breadcrumb\":{\"@id\":\"https:\\\/\\\/soho-aquitaine.com\\\/index-projets\\\/#breadcrumb\"},\"inLanguage\":\"en-US\",\"potentialAction\":[{\"@type\":\"ReadAction\",\"target\":[\"https:\\\/\\\/soho-aquitaine.com\\\/index-projets\\\/\"]}]},{\"@type\":\"BreadcrumbList\",\"@id\":\"https:\\\/\\\/soho-aquitaine.com\\\/index-projets\\\/#breadcrumb\",\"itemListElement\":[{\"@type\":\"ListItem\",\"position\":1,\"name\":\"Accueil\",\"item\":\"https:\\\/\\\/soho-aquitaine.com\\\/\"},{\"@type\":\"ListItem\",\"position\":2,\"name\":\"Index\"}]},{\"@type\":\"WebSite\",\"@id\":\"https:\\\/\\\/soho-aquitaine.com\\\/#website\",\"url\":\"https:\\\/\\\/soho-aquitaine.com\\\/\",\"name\":\"SOHO Aquitaine\",\"description\":\"\",\"publisher\":{\"@id\":\"https:\\\/\\\/soho-aquitaine.com\\\/#organization\"},\"potentialAction\":[{\"@type\":\"SearchAction\",\"target\":{\"@type\":\"EntryPoint\",\"urlTemplate\":\"https:\\\/\\\/soho-aquitaine.com\\\/?s={search_term_string}\"},\"query-input\":{\"@type\":\"PropertyValueSpecification\",\"valueRequired\":true,\"valueName\":\"search_term_string\"}}],\"inLanguage\":\"en-US\"},{\"@type\":\"Organization\",\"@id\":\"https:\\\/\\\/soho-aquitaine.com\\\/#organization\",\"name\":\"SOHO Aquitaine\",\"url\":\"https:\\\/\\\/soho-aquitaine.com\\\/\",\"logo\":{\"@type\":\"ImageObject\",\"inLanguage\":\"en-US\",\"@id\":\"https:\\\/\\\/soho-aquitaine.com\\\/#\\\/schema\\\/logo\\\/image\\\/\",\"url\":\"https:\\\/\\\/soho-aquitaine.com\\\/wp-content\\\/uploads\\\/2025\\\/10\\\/LOGO-NB-SOHO-AQUITAINE.jpg\",\"contentUrl\":\"https:\\\/\\\/soho-aquitaine.com\\\/wp-content\\\/uploads\\\/2025\\\/10\\\/LOGO-NB-SOHO-AQUITAINE.jpg\",\"width\":928,\"height\":478,\"caption\":\"SOHO Aquitaine\"},\"image\":{\"@id\":\"https:\\\/\\\/soho-aquitaine.com\\\/#\\\/schema\\\/logo\\\/image\\\/\"},\"sameAs\":[\"https:\\\/\\\/www.linkedin.com\\\/company\\\/soho-aquitaine\\\/\",\"https:\\\/\\\/www.instagram.com\\\/soho_archi\\\/\",\"https:\\\/\\\/www.youtube.com\\\/@soho_archi\"]}]}<\/script>\n<!-- \/ Yoast SEO plugin. -->","yoast_head_json":{"title":"Index - SOHO Aquitaine","robots":{"index":"index","follow":"follow","max-snippet":"max-snippet:-1","max-image-preview":"max-image-preview:large","max-video-preview":"max-video-preview:-1"},"canonical":"https:\/\/soho-aquitaine.com\/en\/index-projets\/","og_locale":"en_US","og_type":"article","og_title":"Index - SOHO Aquitaine","og_description":"Index Index Tout Logements R\u00e9sidences g\u00e9r\u00e9es Retail Activit\u00e9 \/ Logistique \/ Industrie Tertiaire \/ Hospitality Urbanisme Restructuration Index Op\u00e9ration MOA Cat\u00e9gorie Ville Description Mission SHAB SDP Co\u00fbt (k\u20ac HT) Livraison","og_url":"https:\/\/soho-aquitaine.com\/en\/index-projets\/","og_site_name":"SOHO Aquitaine","article_modified_time":"2026-01-15T17:23:59+00:00","twitter_card":"summary_large_image","schema":{"@context":"https:\/\/schema.org","@graph":[{"@type":"WebPage","@id":"https:\/\/soho-aquitaine.com\/index-projets\/","url":"https:\/\/soho-aquitaine.com\/index-projets\/","name":"Index - SOHO Aquitaine","isPartOf":{"@id":"https:\/\/soho-aquitaine.com\/#website"},"datePublished":"2025-10-23T13:21:27+00:00","dateModified":"2026-01-15T17:23:59+00:00","breadcrumb":{"@id":"https:\/\/soho-aquitaine.com\/index-projets\/#breadcrumb"},"inLanguage":"en-US","potentialAction":[{"@type":"ReadAction","target":["https:\/\/soho-aquitaine.com\/index-projets\/"]}]},{"@type":"BreadcrumbList","@id":"https:\/\/soho-aquitaine.com\/index-projets\/#breadcrumb","itemListElement":[{"@type":"ListItem","position":1,"name":"Accueil","item":"https:\/\/soho-aquitaine.com\/"},{"@type":"ListItem","position":2,"name":"Index"}]},{"@type":"WebSite","@id":"https:\/\/soho-aquitaine.com\/#website","url":"https:\/\/soho-aquitaine.com\/","name":"SOHO Aquitaine","description":"","publisher":{"@id":"https:\/\/soho-aquitaine.com\/#organization"},"potentialAction":[{"@type":"SearchAction","target":{"@type":"EntryPoint","urlTemplate":"https:\/\/soho-aquitaine.com\/?s={search_term_string}"},"query-input":{"@type":"PropertyValueSpecification","valueRequired":true,"valueName":"search_term_string"}}],"inLanguage":"en-US"},{"@type":"Organization","@id":"https:\/\/soho-aquitaine.com\/#organization","name":"SOHO Aquitaine","url":"https:\/\/soho-aquitaine.com\/","logo":{"@type":"ImageObject","inLanguage":"en-US","@id":"https:\/\/soho-aquitaine.com\/#\/schema\/logo\/image\/","url":"https:\/\/soho-aquitaine.com\/wp-content\/uploads\/2025\/10\/LOGO-NB-SOHO-AQUITAINE.jpg","contentUrl":"https:\/\/soho-aquitaine.com\/wp-content\/uploads\/2025\/10\/LOGO-NB-SOHO-AQUITAINE.jpg","width":928,"height":478,"caption":"SOHO Aquitaine"},"image":{"@id":"https:\/\/soho-aquitaine.com\/#\/schema\/logo\/image\/"},"sameAs":["https:\/\/www.linkedin.com\/company\/soho-aquitaine\/","https:\/\/www.instagram.com\/soho_archi\/","https:\/\/www.youtube.com\/@soho_archi"]}]}},"_links":{"self":[{"href":"https:\/\/soho-aquitaine.com\/en\/wp-json\/wp\/v2\/pages\/2202","targetHints":{"allow":["GET"]}}],"collection":[{"href":"https:\/\/soho-aquitaine.com\/en\/wp-json\/wp\/v2\/pages"}],"about":[{"href":"https:\/\/soho-aquitaine.com\/en\/wp-json\/wp\/v2\/types\/page"}],"author":[{"embeddable":true,"href":"https:\/\/soho-aquitaine.com\/en\/wp-json\/wp\/v2\/users\/2"}],"replies":[{"embeddable":true,"href":"https:\/\/soho-aquitaine.com\/en\/wp-json\/wp\/v2\/comments?post=2202"}],"version-history":[{"count":22,"href":"https:\/\/soho-aquitaine.com\/en\/wp-json\/wp\/v2\/pages\/2202\/revisions"}],"predecessor-version":[{"id":2940,"href":"https:\/\/soho-aquitaine.com\/en\/wp-json\/wp\/v2\/pages\/2202\/revisions\/2940"}],"wp:attachment":[{"href":"https:\/\/soho-aquitaine.com\/en\/wp-json\/wp\/v2\/media?parent=2202"}],"curies":[{"name":"wp","href":"https:\/\/api.w.org\/{rel}","templated":true}]}}