{"id":2974,"date":"2026-01-16T16:13:20","date_gmt":"2026-01-16T16:13:20","guid":{"rendered":"https:\/\/soho-aquitaine.com\/?page_id=2974"},"modified":"2026-01-16T16:19:02","modified_gmt":"2026-01-16T16:19:02","slug":"mentions-legales","status":"publish","type":"page","link":"https:\/\/soho-aquitaine.com\/en\/mentions-legales\/","title":{"rendered":"Mentions L\u00e9gales"},"content":{"rendered":"<div data-elementor-type=\"wp-page\" data-elementor-id=\"2974\" class=\"elementor elementor-2974\" data-elementor-settings=\"{&quot;element_pack_global_tooltip_width&quot;:{&quot;unit&quot;:&quot;px&quot;,&quot;size&quot;:&quot;&quot;,&quot;sizes&quot;:[]},&quot;element_pack_global_tooltip_width_tablet&quot;:{&quot;unit&quot;:&quot;px&quot;,&quot;size&quot;:&quot;&quot;,&quot;sizes&quot;:[]},&quot;element_pack_global_tooltip_width_mobile&quot;:{&quot;unit&quot;:&quot;px&quot;,&quot;size&quot;:&quot;&quot;,&quot;sizes&quot;:[]},&quot;element_pack_global_tooltip_padding&quot;:{&quot;unit&quot;:&quot;px&quot;,&quot;top&quot;:&quot;&quot;,&quot;right&quot;:&quot;&quot;,&quot;bottom&quot;:&quot;&quot;,&quot;left&quot;:&quot;&quot;,&quot;isLinked&quot;:true},&quot;element_pack_global_tooltip_padding_tablet&quot;:{&quot;unit&quot;:&quot;px&quot;,&quot;top&quot;:&quot;&quot;,&quot;right&quot;:&quot;&quot;,&quot;bottom&quot;:&quot;&quot;,&quot;left&quot;:&quot;&quot;,&quot;isLinked&quot;:true},&quot;element_pack_global_tooltip_padding_mobile&quot;:{&quot;unit&quot;:&quot;px&quot;,&quot;top&quot;:&quot;&quot;,&quot;right&quot;:&quot;&quot;,&quot;bottom&quot;:&quot;&quot;,&quot;left&quot;:&quot;&quot;,&quot;isLinked&quot;:true},&quot;element_pack_global_tooltip_border_radius&quot;:{&quot;unit&quot;:&quot;px&quot;,&quot;top&quot;:&quot;&quot;,&quot;right&quot;:&quot;&quot;,&quot;bottom&quot;:&quot;&quot;,&quot;left&quot;:&quot;&quot;,&quot;isLinked&quot;:true},&quot;element_pack_global_tooltip_border_radius_tablet&quot;:{&quot;unit&quot;:&quot;px&quot;,&quot;top&quot;:&quot;&quot;,&quot;right&quot;:&quot;&quot;,&quot;bottom&quot;:&quot;&quot;,&quot;left&quot;:&quot;&quot;,&quot;isLinked&quot;:true},&quot;element_pack_global_tooltip_border_radius_mobile&quot;:{&quot;unit&quot;:&quot;px&quot;,&quot;top&quot;:&quot;&quot;,&quot;right&quot;:&quot;&quot;,&quot;bottom&quot;:&quot;&quot;,&quot;left&quot;:&quot;&quot;,&quot;isLinked&quot;:true}}\" data-elementor-post-type=\"page\">\n\t\t\t\t<div class=\"elementor-element elementor-element-80ebc3a e-flex e-con-boxed e-con e-parent\" data-id=\"80ebc3a\" data-element_type=\"container\" data-e-type=\"container\">\n\t\t\t\t\t<div class=\"e-con-inner\">\n\t\t\t\t<div class=\"elementor-element elementor-element-784bbe1 elementor-widget elementor-widget-heading\" data-id=\"784bbe1\" data-element_type=\"widget\" data-e-type=\"widget\" data-widget_type=\"heading.default\">\n\t\t\t\t\t<h1 class=\"elementor-heading-title elementor-size-default\">Mentions L\u00e9gales<\/h1>\t\t\t\t<\/div>\n\t\t\t\t<div class=\"elementor-element elementor-element-796b74f elementor-widget elementor-widget-image\" data-id=\"796b74f\" data-element_type=\"widget\" data-e-type=\"widget\" data-widget_type=\"image.default\">\n\t\t\t\t\t\t\t\t\t\t\t\t\t\t\t\t<a href=\"https:\/\/ceweb-agency.com\/en\" target=\"_blank\">\n\t\t\t\t\t\t\t<img fetchpriority=\"high\" decoding=\"async\" width=\"1024\" height=\"194\" src=\"https:\/\/soho-aquitaine.com\/wp-content\/uploads\/2026\/01\/LABEL_DARK_CEWEB-1-1024x194.png\" class=\"attachment-large size-large wp-image-2977\" alt=\"D\u00e9veloppement - CEWeb Agency\" srcset=\"https:\/\/soho-aquitaine.com\/wp-content\/uploads\/2026\/01\/LABEL_DARK_CEWEB-1-1024x194.png 1024w, https:\/\/soho-aquitaine.com\/wp-content\/uploads\/2026\/01\/LABEL_DARK_CEWEB-1-300x57.png 300w, https:\/\/soho-aquitaine.com\/wp-content\/uploads\/2026\/01\/LABEL_DARK_CEWEB-1-768x145.png 768w, https:\/\/soho-aquitaine.com\/wp-content\/uploads\/2026\/01\/LABEL_DARK_CEWEB-1-1536x290.png 1536w, https:\/\/soho-aquitaine.com\/wp-content\/uploads\/2026\/01\/LABEL_DARK_CEWEB-1-2048x387.png 2048w, https:\/\/soho-aquitaine.com\/wp-content\/uploads\/2026\/01\/LABEL_DARK_CEWEB-1-18x3.png 18w\" sizes=\"(max-width: 1024px) 100vw, 1024px\" \/>\t\t\t\t\t\t\t\t<\/a>\n\t\t\t\t\t\t\t\t\t\t\t\t\t\t\t<\/div>\n\t\t\t\t<div class=\"elementor-element elementor-element-74bac22 elementor-widget elementor-widget-text-editor\" data-id=\"74bac22\" data-element_type=\"widget\" data-e-type=\"widget\" data-widget_type=\"text-editor.default\">\n\t\t\t\t\t\t\t\t\t<p class=\"Paragraphe\" style=\"text-align: center;\" align=\"center\">En vigueur au 16\/01\/2026<\/p>\t\t\t\t\t\t\t\t<\/div>\n\t\t\t\t<div class=\"elementor-element elementor-element-fa070f2 elementor-widget elementor-widget-text-editor\" data-id=\"fa070f2\" data-element_type=\"widget\" data-e-type=\"widget\" data-widget_type=\"text-editor.default\">\n\t\t\t\t\t\t\t\t\t<p class=\"Paragraphe\">Conform\u00e9ment aux dispositions de la loi n\u00b02004-575 du 21 juin 2004 pour la Confiance en l\u2019\u00e9conomie num\u00e9rique, il est port\u00e9 \u00e0 la connaissance des utilisateurs et visiteurs, ci-apr\u00e8s l&rsquo; \u00ab\u00a0<b>Utilisateur<\/b>\u00ab\u00a0, du site soho-aquitaine.com , ci-apr\u00e8s le \u00ab\u00a0<b>Site<\/b>\u00ab\u00a0, les pr\u00e9sentes mentions l\u00e9gales.<\/p><p class=\"Paragraphe\">La connexion et la navigation sur le Site par l\u2019Utilisateur implique acceptation int\u00e9grale et sans r\u00e9serve des pr\u00e9sentes mentions l\u00e9gales.<\/p><p class=\"Paragraphe\">Ces derni\u00e8res sont accessibles sur le Site \u00e0 la rubrique \u00ab\u00a0<b>Legal notice<\/b>\u00ab\u00a0.<\/p>\t\t\t\t\t\t\t\t<\/div>\n\t\t\t\t<div class=\"elementor-element elementor-element-261cabd elementor-widget elementor-widget-heading\" data-id=\"261cabd\" data-element_type=\"widget\" data-e-type=\"widget\" data-widget_type=\"heading.default\">\n\t\t\t\t\t<h2 class=\"elementor-heading-title elementor-size-default\">\u00c9dition du site<\/h2>\t\t\t\t<\/div>\n\t\t\t\t<div class=\"elementor-element elementor-element-1336ffc elementor-widget elementor-widget-text-editor\" data-id=\"1336ffc\" data-element_type=\"widget\" data-e-type=\"widget\" data-widget_type=\"text-editor.default\">\n\t\t\t\t\t\t\t\t\t<p class=\"Paragraphe\">L&rsquo;\u00e9dition du Site est assur\u00e9e par la soci\u00e9t\u00e9 SOHO AQUITAINE, Soci\u00e9t\u00e9 \u00e0 responsabilit\u00e9 limit\u00e9e (sans autre indication), immatricul\u00e9e au Registre du Commerce et des Soci\u00e9t\u00e9s de BORDEAUX sous le num\u00e9ro 391849833 dont le si\u00e8ge social est situ\u00e9 au 15 AVENUE FRANCOIS MITTERRAND 33700 MERIGNAC,<\/p><ul><li class=\"Paragraphe\"><b>Num\u00e9ro de t\u00e9l\u00e9phone<\/b> : 33556901555<\/li><li class=\"Paragraphe\"><b>Adresse e-mail<\/b> : agence@soho-aquitaine.com.<\/li><li class=\"Paragraphe\"><b>N\u00b0 de TVA intracommunautaire<\/b> : FR12391849833<\/li><li class=\"Paragraphe\"><b>Directeur de la publication<\/b> : Patrick MITON<\/li><li><strong>D\u00e9veloppement\u00a0<\/strong>: <a href=\"https:\/\/ceweb-agency.com\/en\" target=\"_blank\" rel=\"noopener\">CEWeb Agency<\/a><\/li><\/ul><p class=\"Paragraphe\">ci-apr\u00e8s l&rsquo;<b>Editeur<\/b>.<\/p>\t\t\t\t\t\t\t\t<\/div>\n\t\t\t\t<div class=\"elementor-element elementor-element-3453898 elementor-widget elementor-widget-heading\" data-id=\"3453898\" data-element_type=\"widget\" data-e-type=\"widget\" data-widget_type=\"heading.default\">\n\t\t\t\t\t<h2 class=\"elementor-heading-title elementor-size-default\">L'h\u00e9bergeur<\/h2>\t\t\t\t<\/div>\n\t\t\t\t<div class=\"elementor-element elementor-element-ab02455 elementor-widget elementor-widget-text-editor\" data-id=\"ab02455\" data-element_type=\"widget\" data-e-type=\"widget\" data-widget_type=\"text-editor.default\">\n\t\t\t\t\t\t\t\t\t<p>L&rsquo;h\u00e9bergeur du Site est la soci\u00e9t\u00e9 OVH, dont le si\u00e8ge social est situ\u00e9 au\u00a0 2 RUE KELLERMANN 59100 ROUBAIX .<\/p>\t\t\t\t\t\t\t\t<\/div>\n\t\t\t\t<div class=\"elementor-element elementor-element-0b7753e elementor-widget elementor-widget-heading\" data-id=\"0b7753e\" data-element_type=\"widget\" data-e-type=\"widget\" data-widget_type=\"heading.default\">\n\t\t\t\t\t<h2 class=\"elementor-heading-title elementor-size-default\">Acc\u00e8s au site<\/h2>\t\t\t\t<\/div>\n\t\t\t\t<div class=\"elementor-element elementor-element-e01fa3d elementor-widget elementor-widget-text-editor\" data-id=\"e01fa3d\" data-element_type=\"widget\" data-e-type=\"widget\" data-widget_type=\"text-editor.default\">\n\t\t\t\t\t\t\t\t\t<p class=\"Paragraphe\">Le Site est normalement accessible, \u00e0 tout moment, \u00e0 l&rsquo;Utilisateur. Toutefois, l&rsquo;Editeur pourra, \u00e0 tout moment, suspendre, limiter ou interrompre le Site afin de proc\u00e9der, notamment, \u00e0 des mises \u00e0 jour ou des modifications de son contenu. L&rsquo;Editeur ne pourra en aucun cas \u00eatre tenu responsable des cons\u00e9quences \u00e9ventuelles de cette indisponibilit\u00e9 sur les activit\u00e9s de l&rsquo;Utilisateur.<\/p><p class=\"Paragraphe\">ci-apr\u00e8s l&rsquo;<b>Editeur<\/b>.<\/p>\t\t\t\t\t\t\t\t<\/div>\n\t\t\t\t<div class=\"elementor-element elementor-element-32d887a elementor-widget elementor-widget-heading\" data-id=\"32d887a\" data-element_type=\"widget\" data-e-type=\"widget\" data-widget_type=\"heading.default\">\n\t\t\t\t\t<h2 class=\"elementor-heading-title elementor-size-default\">Collecte des donn\u00e9es<\/h2>\t\t\t\t<\/div>\n\t\t\t\t<div class=\"elementor-element elementor-element-3af5aba elementor-widget elementor-widget-text-editor\" data-id=\"3af5aba\" data-element_type=\"widget\" data-e-type=\"widget\" data-widget_type=\"text-editor.default\">\n\t\t\t\t\t\t\t\t\t<p>Le Site assure \u00e0 l&rsquo;Utilisateur une collecte et un traitement des donn\u00e9es personnelles dans le respect de la vie priv\u00e9e conform\u00e9ment \u00e0 la loi n\u00b078-17 du 6 janvier 1978 relative \u00e0 l&rsquo;informatique, aux fichiers\u00a0 aux libert\u00e9s et dans le respect de la r\u00e8glementation applicable en mati\u00e8re de traitement des donn\u00e9es \u00e0 caract\u00e8re personnel conform\u00e9ment au r\u00e8glement (UE) 2016\/679 du Parlement europ\u00e9en et du Conseil du 27 avril 2016 (ci-apr\u00e8s, ensemble, la \u00ab\u00a0<strong>R\u00e8glementation applicable en mati\u00e8re de protection des Donn\u00e9es \u00e0 caract\u00e8re personnel<\/strong>\u00ab\u00a0).<\/p><p>En vertu de la R\u00e8glementation applicable en mati\u00e8re de protection des Donn\u00e9es \u00e0 caract\u00e8re personnel, l&rsquo;Utilisateur dispose d&rsquo;un droit d&rsquo;acc\u00e8s, de rectification, de suppression et d&rsquo;opposition de ses donn\u00e9es personnelles. L&rsquo;Utilisateur peut exercer ce droit :<\/p><ul><li>par mail \u00e0 l&rsquo;adresse email agence@soho-aquitaine.com<\/li><li>par voie postale 15 AVENUE FRANCOIS MITTERRAND 33700 MERIGNAC ;<\/li><\/ul><p>Toute utilisation, reproduction, diffusion, commercialisation, modification de toute ou partie du Site, sans autorisation expresse de l\u2019Editeur est prohib\u00e9e et pourra entra\u00eener des actions et poursuites judiciaires telles que pr\u00e9vues par la r\u00e8glementation en vigueur.<\/p><p>Pour plus d&rsquo;informations en mati\u00e8re de cookies, se reporter \u00e0 la Charte en mati\u00e8re de cookies du site <a href=\"https:\/\/soho-aquitaine.com\/en\/politique-de-cookies-ue\/\" target=\"_blank\" rel=\"noopener\">Politique de Gestion des Cookies<\/a> accessible \u00e0 la rubrique \u00ab\u00a0Cookies\u00a0\u00bb<\/p>\t\t\t\t\t\t\t\t<\/div>\n\t\t\t\t\t<\/div>\n\t\t\t\t<\/div>\n\t\t\t\t<\/div>","protected":false},"excerpt":{"rendered":"<p>Mentions L\u00e9gales En vigueur au 16\/01\/2026 Conform\u00e9ment aux dispositions de la loi n\u00b02004-575 du 21 juin 2004 pour la Confiance en l\u2019\u00e9conomie num\u00e9rique, il est port\u00e9 \u00e0 la connaissance des utilisateurs et visiteurs, ci-apr\u00e8s l&rsquo; \u00ab\u00a0Utilisateur\u00ab\u00a0, du site soho-aquitaine.com , ci-apr\u00e8s le \u00ab\u00a0Site\u00ab\u00a0, les pr\u00e9sentes mentions l\u00e9gales. La connexion et la navigation sur le Site [&hellip;]<\/p>\n","protected":false},"author":2,"featured_media":0,"parent":0,"menu_order":0,"comment_status":"closed","ping_status":"closed","template":"","meta":{"_acf_changed":false,"footnotes":""},"class_list":["post-2974","page","type-page","status-publish","hentry"],"blocksy_meta":[],"acf":[],"yoast_head":"<!-- This site is optimized with the Yoast SEO plugin v27.5 - https:\/\/yoast.com\/product\/yoast-seo-wordpress\/ -->\n<title>Mentions L\u00e9gales - SOHO Aquitaine<\/title>\n<meta name=\"robots\" content=\"index, follow, max-snippet:-1, max-image-preview:large, max-video-preview:-1\" \/>\n<link rel=\"canonical\" href=\"https:\/\/soho-aquitaine.com\/en\/mentions-legales\/\" \/>\n<meta property=\"og:locale\" content=\"en_US\" \/>\n<meta property=\"og:type\" content=\"article\" \/>\n<meta property=\"og:title\" content=\"Mentions L\u00e9gales - SOHO Aquitaine\" \/>\n<meta property=\"og:description\" content=\"Mentions L\u00e9gales En vigueur au 16\/01\/2026 Conform\u00e9ment aux dispositions de la loi n\u00b02004-575 du 21 juin 2004 pour la Confiance en l\u2019\u00e9conomie num\u00e9rique, il est port\u00e9 \u00e0 la connaissance des utilisateurs et visiteurs, ci-apr\u00e8s l&rsquo; \u00ab\u00a0Utilisateur\u00ab\u00a0, du site soho-aquitaine.com , ci-apr\u00e8s le \u00ab\u00a0Site\u00ab\u00a0, les pr\u00e9sentes mentions l\u00e9gales. La connexion et la navigation sur le Site [&hellip;]\" \/>\n<meta property=\"og:url\" content=\"https:\/\/soho-aquitaine.com\/en\/mentions-legales\/\" \/>\n<meta property=\"og:site_name\" content=\"SOHO Aquitaine\" \/>\n<meta property=\"article:modified_time\" content=\"2026-01-16T16:19:02+00:00\" \/>\n<meta property=\"og:image\" content=\"https:\/\/soho-aquitaine.com\/wp-content\/uploads\/2026\/01\/LABEL_DARK_CEWEB-1-scaled.png\" \/>\n\t<meta property=\"og:image:width\" content=\"2560\" \/>\n\t<meta property=\"og:image:height\" content=\"484\" \/>\n\t<meta property=\"og:image:type\" content=\"image\/png\" \/>\n<meta name=\"twitter:card\" content=\"summary_large_image\" \/>\n<meta name=\"twitter:label1\" content=\"Est. reading time\" \/>\n\t<meta name=\"twitter:data1\" content=\"3 minutes\" \/>\n<script type=\"application\/ld+json\" class=\"yoast-schema-graph\">{\"@context\":\"https:\\\/\\\/schema.org\",\"@graph\":[{\"@type\":\"WebPage\",\"@id\":\"https:\\\/\\\/soho-aquitaine.com\\\/mentions-legales\\\/\",\"url\":\"https:\\\/\\\/soho-aquitaine.com\\\/mentions-legales\\\/\",\"name\":\"Mentions L\u00e9gales - SOHO Aquitaine\",\"isPartOf\":{\"@id\":\"https:\\\/\\\/soho-aquitaine.com\\\/#website\"},\"primaryImageOfPage\":{\"@id\":\"https:\\\/\\\/soho-aquitaine.com\\\/mentions-legales\\\/#primaryimage\"},\"image\":{\"@id\":\"https:\\\/\\\/soho-aquitaine.com\\\/mentions-legales\\\/#primaryimage\"},\"thumbnailUrl\":\"https:\\\/\\\/soho-aquitaine.com\\\/wp-content\\\/uploads\\\/2026\\\/01\\\/LABEL_DARK_CEWEB-1-1024x194.png\",\"datePublished\":\"2026-01-16T16:13:20+00:00\",\"dateModified\":\"2026-01-16T16:19:02+00:00\",\"breadcrumb\":{\"@id\":\"https:\\\/\\\/soho-aquitaine.com\\\/mentions-legales\\\/#breadcrumb\"},\"inLanguage\":\"en-US\",\"potentialAction\":[{\"@type\":\"ReadAction\",\"target\":[\"https:\\\/\\\/soho-aquitaine.com\\\/mentions-legales\\\/\"]}]},{\"@type\":\"ImageObject\",\"inLanguage\":\"en-US\",\"@id\":\"https:\\\/\\\/soho-aquitaine.com\\\/mentions-legales\\\/#primaryimage\",\"url\":\"https:\\\/\\\/soho-aquitaine.com\\\/wp-content\\\/uploads\\\/2026\\\/01\\\/LABEL_DARK_CEWEB-1-1024x194.png\",\"contentUrl\":\"https:\\\/\\\/soho-aquitaine.com\\\/wp-content\\\/uploads\\\/2026\\\/01\\\/LABEL_DARK_CEWEB-1-1024x194.png\"},{\"@type\":\"BreadcrumbList\",\"@id\":\"https:\\\/\\\/soho-aquitaine.com\\\/mentions-legales\\\/#breadcrumb\",\"itemListElement\":[{\"@type\":\"ListItem\",\"position\":1,\"name\":\"Accueil\",\"item\":\"https:\\\/\\\/soho-aquitaine.com\\\/\"},{\"@type\":\"ListItem\",\"position\":2,\"name\":\"Mentions L\u00e9gales\"}]},{\"@type\":\"WebSite\",\"@id\":\"https:\\\/\\\/soho-aquitaine.com\\\/#website\",\"url\":\"https:\\\/\\\/soho-aquitaine.com\\\/\",\"name\":\"SOHO Aquitaine\",\"description\":\"\",\"publisher\":{\"@id\":\"https:\\\/\\\/soho-aquitaine.com\\\/#organization\"},\"potentialAction\":[{\"@type\":\"SearchAction\",\"target\":{\"@type\":\"EntryPoint\",\"urlTemplate\":\"https:\\\/\\\/soho-aquitaine.com\\\/?s={search_term_string}\"},\"query-input\":{\"@type\":\"PropertyValueSpecification\",\"valueRequired\":true,\"valueName\":\"search_term_string\"}}],\"inLanguage\":\"en-US\"},{\"@type\":\"Organization\",\"@id\":\"https:\\\/\\\/soho-aquitaine.com\\\/#organization\",\"name\":\"SOHO Aquitaine\",\"url\":\"https:\\\/\\\/soho-aquitaine.com\\\/\",\"logo\":{\"@type\":\"ImageObject\",\"inLanguage\":\"en-US\",\"@id\":\"https:\\\/\\\/soho-aquitaine.com\\\/#\\\/schema\\\/logo\\\/image\\\/\",\"url\":\"https:\\\/\\\/soho-aquitaine.com\\\/wp-content\\\/uploads\\\/2025\\\/10\\\/LOGO-NB-SOHO-AQUITAINE.jpg\",\"contentUrl\":\"https:\\\/\\\/soho-aquitaine.com\\\/wp-content\\\/uploads\\\/2025\\\/10\\\/LOGO-NB-SOHO-AQUITAINE.jpg\",\"width\":928,\"height\":478,\"caption\":\"SOHO Aquitaine\"},\"image\":{\"@id\":\"https:\\\/\\\/soho-aquitaine.com\\\/#\\\/schema\\\/logo\\\/image\\\/\"},\"sameAs\":[\"https:\\\/\\\/www.linkedin.com\\\/company\\\/soho-aquitaine\\\/\",\"https:\\\/\\\/www.instagram.com\\\/soho_archi\\\/\",\"https:\\\/\\\/www.youtube.com\\\/@soho_archi\"]}]}<\/script>\n<!-- \/ Yoast SEO plugin. -->","yoast_head_json":{"title":"Mentions L\u00e9gales - SOHO Aquitaine","robots":{"index":"index","follow":"follow","max-snippet":"max-snippet:-1","max-image-preview":"max-image-preview:large","max-video-preview":"max-video-preview:-1"},"canonical":"https:\/\/soho-aquitaine.com\/en\/mentions-legales\/","og_locale":"en_US","og_type":"article","og_title":"Mentions L\u00e9gales - SOHO Aquitaine","og_description":"Mentions L\u00e9gales En vigueur au 16\/01\/2026 Conform\u00e9ment aux dispositions de la loi n\u00b02004-575 du 21 juin 2004 pour la Confiance en l\u2019\u00e9conomie num\u00e9rique, il est port\u00e9 \u00e0 la connaissance des utilisateurs et visiteurs, ci-apr\u00e8s l&rsquo; \u00ab\u00a0Utilisateur\u00ab\u00a0, du site soho-aquitaine.com , ci-apr\u00e8s le \u00ab\u00a0Site\u00ab\u00a0, les pr\u00e9sentes mentions l\u00e9gales. La connexion et la navigation sur le Site [&hellip;]","og_url":"https:\/\/soho-aquitaine.com\/en\/mentions-legales\/","og_site_name":"SOHO Aquitaine","article_modified_time":"2026-01-16T16:19:02+00:00","og_image":[{"width":2560,"height":484,"url":"https:\/\/soho-aquitaine.com\/wp-content\/uploads\/2026\/01\/LABEL_DARK_CEWEB-1-scaled.png","type":"image\/png"}],"twitter_card":"summary_large_image","twitter_misc":{"Est. reading time":"3 minutes"},"schema":{"@context":"https:\/\/schema.org","@graph":[{"@type":"WebPage","@id":"https:\/\/soho-aquitaine.com\/mentions-legales\/","url":"https:\/\/soho-aquitaine.com\/mentions-legales\/","name":"Mentions L\u00e9gales - SOHO Aquitaine","isPartOf":{"@id":"https:\/\/soho-aquitaine.com\/#website"},"primaryImageOfPage":{"@id":"https:\/\/soho-aquitaine.com\/mentions-legales\/#primaryimage"},"image":{"@id":"https:\/\/soho-aquitaine.com\/mentions-legales\/#primaryimage"},"thumbnailUrl":"https:\/\/soho-aquitaine.com\/wp-content\/uploads\/2026\/01\/LABEL_DARK_CEWEB-1-1024x194.png","datePublished":"2026-01-16T16:13:20+00:00","dateModified":"2026-01-16T16:19:02+00:00","breadcrumb":{"@id":"https:\/\/soho-aquitaine.com\/mentions-legales\/#breadcrumb"},"inLanguage":"en-US","potentialAction":[{"@type":"ReadAction","target":["https:\/\/soho-aquitaine.com\/mentions-legales\/"]}]},{"@type":"ImageObject","inLanguage":"en-US","@id":"https:\/\/soho-aquitaine.com\/mentions-legales\/#primaryimage","url":"https:\/\/soho-aquitaine.com\/wp-content\/uploads\/2026\/01\/LABEL_DARK_CEWEB-1-1024x194.png","contentUrl":"https:\/\/soho-aquitaine.com\/wp-content\/uploads\/2026\/01\/LABEL_DARK_CEWEB-1-1024x194.png"},{"@type":"BreadcrumbList","@id":"https:\/\/soho-aquitaine.com\/mentions-legales\/#breadcrumb","itemListElement":[{"@type":"ListItem","position":1,"name":"Accueil","item":"https:\/\/soho-aquitaine.com\/"},{"@type":"ListItem","position":2,"name":"Mentions L\u00e9gales"}]},{"@type":"WebSite","@id":"https:\/\/soho-aquitaine.com\/#website","url":"https:\/\/soho-aquitaine.com\/","name":"SOHO Aquitaine","description":"","publisher":{"@id":"https:\/\/soho-aquitaine.com\/#organization"},"potentialAction":[{"@type":"SearchAction","target":{"@type":"EntryPoint","urlTemplate":"https:\/\/soho-aquitaine.com\/?s={search_term_string}"},"query-input":{"@type":"PropertyValueSpecification","valueRequired":true,"valueName":"search_term_string"}}],"inLanguage":"en-US"},{"@type":"Organization","@id":"https:\/\/soho-aquitaine.com\/#organization","name":"SOHO Aquitaine","url":"https:\/\/soho-aquitaine.com\/","logo":{"@type":"ImageObject","inLanguage":"en-US","@id":"https:\/\/soho-aquitaine.com\/#\/schema\/logo\/image\/","url":"https:\/\/soho-aquitaine.com\/wp-content\/uploads\/2025\/10\/LOGO-NB-SOHO-AQUITAINE.jpg","contentUrl":"https:\/\/soho-aquitaine.com\/wp-content\/uploads\/2025\/10\/LOGO-NB-SOHO-AQUITAINE.jpg","width":928,"height":478,"caption":"SOHO Aquitaine"},"image":{"@id":"https:\/\/soho-aquitaine.com\/#\/schema\/logo\/image\/"},"sameAs":["https:\/\/www.linkedin.com\/company\/soho-aquitaine\/","https:\/\/www.instagram.com\/soho_archi\/","https:\/\/www.youtube.com\/@soho_archi"]}]}},"_links":{"self":[{"href":"https:\/\/soho-aquitaine.com\/en\/wp-json\/wp\/v2\/pages\/2974","targetHints":{"allow":["GET"]}}],"collection":[{"href":"https:\/\/soho-aquitaine.com\/en\/wp-json\/wp\/v2\/pages"}],"about":[{"href":"https:\/\/soho-aquitaine.com\/en\/wp-json\/wp\/v2\/types\/page"}],"author":[{"embeddable":true,"href":"https:\/\/soho-aquitaine.com\/en\/wp-json\/wp\/v2\/users\/2"}],"replies":[{"embeddable":true,"href":"https:\/\/soho-aquitaine.com\/en\/wp-json\/wp\/v2\/comments?post=2974"}],"version-history":[{"count":4,"href":"https:\/\/soho-aquitaine.com\/en\/wp-json\/wp\/v2\/pages\/2974\/revisions"}],"predecessor-version":[{"id":2980,"href":"https:\/\/soho-aquitaine.com\/en\/wp-json\/wp\/v2\/pages\/2974\/revisions\/2980"}],"wp:attachment":[{"href":"https:\/\/soho-aquitaine.com\/en\/wp-json\/wp\/v2\/media?parent=2974"}],"curies":[{"name":"wp","href":"https:\/\/api.w.org\/{rel}","templated":true}]}}