{"id":620,"date":"2024-08-10T07:32:52","date_gmt":"2024-08-10T07:32:52","guid":{"rendered":"https:\/\/startersites.io\/elementor\/consultant\/?page_id=620"},"modified":"2026-01-30T15:52:36","modified_gmt":"2026-01-30T15:52:36","slug":"contact","status":"publish","type":"page","link":"https:\/\/soho-aquitaine.com\/en\/contact\/","title":{"rendered":"Contact"},"content":{"rendered":"\t\t<div data-elementor-type=\"wp-page\" data-elementor-id=\"620\" class=\"elementor elementor-620\" data-elementor-settings=\"{&quot;element_pack_global_tooltip_width&quot;:{&quot;unit&quot;:&quot;px&quot;,&quot;size&quot;:&quot;&quot;,&quot;sizes&quot;:[]},&quot;element_pack_global_tooltip_width_tablet&quot;:{&quot;unit&quot;:&quot;px&quot;,&quot;size&quot;:&quot;&quot;,&quot;sizes&quot;:[]},&quot;element_pack_global_tooltip_width_mobile&quot;:{&quot;unit&quot;:&quot;px&quot;,&quot;size&quot;:&quot;&quot;,&quot;sizes&quot;:[]},&quot;element_pack_global_tooltip_padding&quot;:{&quot;unit&quot;:&quot;px&quot;,&quot;top&quot;:&quot;&quot;,&quot;right&quot;:&quot;&quot;,&quot;bottom&quot;:&quot;&quot;,&quot;left&quot;:&quot;&quot;,&quot;isLinked&quot;:true},&quot;element_pack_global_tooltip_padding_tablet&quot;:{&quot;unit&quot;:&quot;px&quot;,&quot;top&quot;:&quot;&quot;,&quot;right&quot;:&quot;&quot;,&quot;bottom&quot;:&quot;&quot;,&quot;left&quot;:&quot;&quot;,&quot;isLinked&quot;:true},&quot;element_pack_global_tooltip_padding_mobile&quot;:{&quot;unit&quot;:&quot;px&quot;,&quot;top&quot;:&quot;&quot;,&quot;right&quot;:&quot;&quot;,&quot;bottom&quot;:&quot;&quot;,&quot;left&quot;:&quot;&quot;,&quot;isLinked&quot;:true},&quot;element_pack_global_tooltip_border_radius&quot;:{&quot;unit&quot;:&quot;px&quot;,&quot;top&quot;:&quot;&quot;,&quot;right&quot;:&quot;&quot;,&quot;bottom&quot;:&quot;&quot;,&quot;left&quot;:&quot;&quot;,&quot;isLinked&quot;:true},&quot;element_pack_global_tooltip_border_radius_tablet&quot;:{&quot;unit&quot;:&quot;px&quot;,&quot;top&quot;:&quot;&quot;,&quot;right&quot;:&quot;&quot;,&quot;bottom&quot;:&quot;&quot;,&quot;left&quot;:&quot;&quot;,&quot;isLinked&quot;:true},&quot;element_pack_global_tooltip_border_radius_mobile&quot;:{&quot;unit&quot;:&quot;px&quot;,&quot;top&quot;:&quot;&quot;,&quot;right&quot;:&quot;&quot;,&quot;bottom&quot;:&quot;&quot;,&quot;left&quot;:&quot;&quot;,&quot;isLinked&quot;:true}}\" data-elementor-post-type=\"page\">\n\t\t\t\t<div class=\"elementor-element elementor-element-23d6088 e-con-full e-flex e-con e-parent\" data-id=\"23d6088\" data-element_type=\"container\" data-e-type=\"container\">\n\t\t<div class=\"elementor-element elementor-element-1fc3c14 e-con-full e-flex e-con e-child\" data-id=\"1fc3c14\" data-element_type=\"container\" data-e-type=\"container\">\n\t\t\t\t<div class=\"elementor-element elementor-element-493f597 elementor-widget elementor-widget-image\" data-id=\"493f597\" data-element_type=\"widget\" data-e-type=\"widget\" data-widget_type=\"image.default\">\n\t\t\t\t\t\t\t\t\t\t\t\t\t\t\t<img fetchpriority=\"high\" decoding=\"async\" width=\"1024\" height=\"823\" src=\"https:\/\/soho-aquitaine.com\/wp-content\/uploads\/2025\/11\/Capture-decran-2025-11-04-143944-1024x823.png\" class=\"attachment-large size-large wp-image-2641\" alt=\"SOHO Aquitaine Architecture\" srcset=\"https:\/\/soho-aquitaine.com\/wp-content\/uploads\/2025\/11\/Capture-decran-2025-11-04-143944-1024x823.png 1024w, https:\/\/soho-aquitaine.com\/wp-content\/uploads\/2025\/11\/Capture-decran-2025-11-04-143944-300x241.png 300w, https:\/\/soho-aquitaine.com\/wp-content\/uploads\/2025\/11\/Capture-decran-2025-11-04-143944-768x617.png 768w, https:\/\/soho-aquitaine.com\/wp-content\/uploads\/2025\/11\/Capture-decran-2025-11-04-143944-15x12.png 15w, https:\/\/soho-aquitaine.com\/wp-content\/uploads\/2025\/11\/Capture-decran-2025-11-04-143944.png 1418w\" sizes=\"(max-width: 1024px) 100vw, 1024px\" \/>\t\t\t\t\t\t\t\t\t\t\t\t\t\t\t<\/div>\n\t\t\t\t<\/div>\n\t\t<div class=\"elementor-element elementor-element-bd9833e e-con-full e-flex e-con e-child\" data-id=\"bd9833e\" data-element_type=\"container\" data-e-type=\"container\">\n\t\t\t\t<div class=\"elementor-element elementor-element-bfc4a3f elementor-widget elementor-widget-heading\" data-id=\"bfc4a3f\" data-element_type=\"widget\" data-e-type=\"widget\" data-widget_type=\"heading.default\">\n\t\t\t\t\t<h2 class=\"elementor-heading-title elementor-size-default\">Soho Aquitaine<\/h2>\t\t\t\t<\/div>\n\t\t\t\t<div class=\"elementor-element elementor-element-9b1c8a3 elementor-widget elementor-widget-heading\" data-id=\"9b1c8a3\" data-element_type=\"widget\" data-e-type=\"widget\" data-widget_type=\"heading.default\">\n\t\t\t\t\t<h3 class=\"elementor-heading-title elementor-size-default\">M\u00c9RIGNAC<\/h3>\t\t\t\t<\/div>\n\t\t\t\t<div class=\"elementor-element elementor-element-f6ceea8 elementor-widget elementor-widget-text-editor\" data-id=\"f6ceea8\" data-element_type=\"widget\" data-e-type=\"widget\" data-widget_type=\"text-editor.default\">\n\t\t\t\t\t\t\t\t\t<p>15 AVENUE FRANCOIS MITTERRAND <br \/>33700 MERIGNAC<\/p>\t\t\t\t\t\t\t\t<\/div>\n\t\t\t\t<div class=\"elementor-element elementor-element-dea04ba elementor-widget elementor-widget-text-editor\" data-id=\"dea04ba\" data-element_type=\"widget\" data-e-type=\"widget\" data-widget_type=\"text-editor.default\">\n\t\t\t\t\t\t\t\t\t<p><strong>T\u00e9l\u00e9phone<br \/><\/strong><a href=\"tel:0556901555\">+33 5 56 90 15 55<\/a><\/p><p><strong>Agence<br \/><\/strong><a href=\"mailto:agence@soho-aquitaine.com\">agence@soho-aquitaine.com<\/a><\/p>\t\t\t\t\t\t\t\t<\/div>\n\t\t\t\t<div class=\"elementor-element elementor-element-53e9d6a elementor-shape-circle e-grid-align-left elementor-grid-0 elementor-widget elementor-widget-social-icons\" data-id=\"53e9d6a\" data-element_type=\"widget\" data-e-type=\"widget\" data-widget_type=\"social-icons.default\">\n\t\t\t\t\t\t\t<div class=\"elementor-social-icons-wrapper elementor-grid\" role=\"list\">\n\t\t\t\t\t\t\t<span class=\"elementor-grid-item\" role=\"listitem\">\n\t\t\t\t\t<a class=\"elementor-icon elementor-social-icon elementor-social-icon-linkedin elementor-animation-pulse-shrink elementor-repeater-item-bc806d0\" href=\"https:\/\/www.linkedin.com\/company\/soho-aquitaine\/\" target=\"_blank\">\n\t\t\t\t\t\t<span class=\"elementor-screen-only\">Linkedin<\/span>\n\t\t\t\t\t\t<svg aria-hidden=\"true\" class=\"e-font-icon-svg e-fab-linkedin\" viewBox=\"0 0 448 512\" xmlns=\"http:\/\/www.w3.org\/2000\/svg\"><path d=\"M416 32H31.9C14.3 32 0 46.5 0 64.3v383.4C0 465.5 14.3 480 31.9 480H416c17.6 0 32-14.5 32-32.3V64.3c0-17.8-14.4-32.3-32-32.3zM135.4 416H69V202.2h66.5V416zm-33.2-243c-21.3 0-38.5-17.3-38.5-38.5S80.9 96 102.2 96c21.2 0 38.5 17.3 38.5 38.5 0 21.3-17.2 38.5-38.5 38.5zm282.1 243h-66.4V312c0-24.8-.5-56.7-34.5-56.7-34.6 0-39.9 27-39.9 54.9V416h-66.4V202.2h63.7v29.2h.9c8.9-16.8 30.6-34.5 62.9-34.5 67.2 0 79.7 44.3 79.7 101.9V416z\"><\/path><\/svg>\t\t\t\t\t<\/a>\n\t\t\t\t<\/span>\n\t\t\t\t\t\t\t<span class=\"elementor-grid-item\" role=\"listitem\">\n\t\t\t\t\t<a class=\"elementor-icon elementor-social-icon elementor-social-icon-instagram elementor-animation-pulse-shrink elementor-repeater-item-31ebbd1\" href=\"https:\/\/www.instagram.com\/soho_archi\/\" target=\"_blank\">\n\t\t\t\t\t\t<span class=\"elementor-screen-only\">Instagram<\/span>\n\t\t\t\t\t\t<svg aria-hidden=\"true\" class=\"e-font-icon-svg e-fab-instagram\" viewBox=\"0 0 448 512\" xmlns=\"http:\/\/www.w3.org\/2000\/svg\"><path d=\"M224.1 141c-63.6 0-114.9 51.3-114.9 114.9s51.3 114.9 114.9 114.9S339 319.5 339 255.9 287.7 141 224.1 141zm0 189.6c-41.1 0-74.7-33.5-74.7-74.7s33.5-74.7 74.7-74.7 74.7 33.5 74.7 74.7-33.6 74.7-74.7 74.7zm146.4-194.3c0 14.9-12 26.8-26.8 26.8-14.9 0-26.8-12-26.8-26.8s12-26.8 26.8-26.8 26.8 12 26.8 26.8zm76.1 27.2c-1.7-35.9-9.9-67.7-36.2-93.9-26.2-26.2-58-34.4-93.9-36.2-37-2.1-147.9-2.1-184.9 0-35.8 1.7-67.6 9.9-93.9 36.1s-34.4 58-36.2 93.9c-2.1 37-2.1 147.9 0 184.9 1.7 35.9 9.9 67.7 36.2 93.9s58 34.4 93.9 36.2c37 2.1 147.9 2.1 184.9 0 35.9-1.7 67.7-9.9 93.9-36.2 26.2-26.2 34.4-58 36.2-93.9 2.1-37 2.1-147.8 0-184.8zM398.8 388c-7.8 19.6-22.9 34.7-42.6 42.6-29.5 11.7-99.5 9-132.1 9s-102.7 2.6-132.1-9c-19.6-7.8-34.7-22.9-42.6-42.6-11.7-29.5-9-99.5-9-132.1s-2.6-102.7 9-132.1c7.8-19.6 22.9-34.7 42.6-42.6 29.5-11.7 99.5-9 132.1-9s102.7-2.6 132.1 9c19.6 7.8 34.7 22.9 42.6 42.6 11.7 29.5 9 99.5 9 132.1s2.7 102.7-9 132.1z\"><\/path><\/svg>\t\t\t\t\t<\/a>\n\t\t\t\t<\/span>\n\t\t\t\t\t\t\t<span class=\"elementor-grid-item\" role=\"listitem\">\n\t\t\t\t\t<a class=\"elementor-icon elementor-social-icon elementor-social-icon-youtube elementor-animation-pulse-shrink elementor-repeater-item-5e250b3\" href=\"https:\/\/www.youtube.com\/@soho_archi\" target=\"_blank\">\n\t\t\t\t\t\t<span class=\"elementor-screen-only\">Youtube<\/span>\n\t\t\t\t\t\t<svg aria-hidden=\"true\" class=\"e-font-icon-svg e-fab-youtube\" viewBox=\"0 0 576 512\" xmlns=\"http:\/\/www.w3.org\/2000\/svg\"><path d=\"M549.655 124.083c-6.281-23.65-24.787-42.276-48.284-48.597C458.781 64 288 64 288 64S117.22 64 74.629 75.486c-23.497 6.322-42.003 24.947-48.284 48.597-11.412 42.867-11.412 132.305-11.412 132.305s0 89.438 11.412 132.305c6.281 23.65 24.787 41.5 48.284 47.821C117.22 448 288 448 288 448s170.78 0 213.371-11.486c23.497-6.321 42.003-24.171 48.284-47.821 11.412-42.867 11.412-132.305 11.412-132.305s0-89.438-11.412-132.305zm-317.51 213.508V175.185l142.739 81.205-142.739 81.201z\"><\/path><\/svg>\t\t\t\t\t<\/a>\n\t\t\t\t<\/span>\n\t\t\t\t\t<\/div>\n\t\t\t\t\t\t<\/div>\n\t\t\t\t<\/div>\n\t\t\t\t<\/div>\n\t\t<div class=\"elementor-element elementor-element-316020e e-con-full e-flex e-con e-parent\" data-id=\"316020e\" data-element_type=\"container\" data-e-type=\"container\">\n\t\t<div class=\"elementor-element elementor-element-0516a41 e-con-full e-flex e-con e-child\" data-id=\"0516a41\" data-element_type=\"container\" data-e-type=\"container\">\n\t\t\t\t<div class=\"elementor-element elementor-element-4eefa79 elementor-button-align-stretch elementor-widget elementor-widget-form\" data-id=\"4eefa79\" data-element_type=\"widget\" data-e-type=\"widget\" data-settings=\"{&quot;step_next_label&quot;:&quot;Suivant&quot;,&quot;step_previous_label&quot;:&quot;Pr\\u00e9c\\u00e9dent&quot;,&quot;button_width&quot;:&quot;100&quot;,&quot;step_type&quot;:&quot;number_text&quot;,&quot;step_icon_shape&quot;:&quot;circle&quot;}\" data-widget_type=\"form.default\">\n\t\t\t\t\t\t\t<form class=\"elementor-form\" method=\"post\" name=\"Nouveau formulaire\" aria-label=\"Nouveau formulaire\">\n\t\t\t<input type=\"hidden\" name=\"post_id\" value=\"620\"\/>\n\t\t\t<input type=\"hidden\" name=\"form_id\" value=\"4eefa79\"\/>\n\t\t\t<input type=\"hidden\" name=\"referer_title\" value=\"Contact - SOHO Aquitaine\" \/>\n\n\t\t\t\t\t\t\t<input type=\"hidden\" name=\"queried_id\" value=\"620\"\/>\n\t\t\t\n\t\t\t<div class=\"elementor-form-fields-wrapper elementor-labels-above\">\n\t\t\t\t\t\t\t\t<div class=\"elementor-field-type-text elementor-field-group elementor-column elementor-field-group-field_ee2f900 elementor-col-100 elementor-field-required\">\n\t\t\t\t\t\t\t\t\t\t\t\t<label for=\"form-field-field_ee2f900\" class=\"elementor-field-label\">\n\t\t\t\t\t\t\t\tNom\t\t\t\t\t\t\t<\/label>\n\t\t\t\t\t\t\t\t\t\t\t\t\t\t<input size=\"1\" type=\"text\" name=\"form_fields[field_ee2f900]\" id=\"form-field-field_ee2f900\" class=\"elementor-field elementor-size-sm  elementor-field-textual\" required=\"required\">\n\t\t\t\t\t\t\t\t\t\t\t<\/div>\n\t\t\t\t\t\t\t\t<div class=\"elementor-field-type-email elementor-field-group elementor-column elementor-field-group-email elementor-col-100 elementor-field-required\">\n\t\t\t\t\t\t\t\t\t\t\t\t<label for=\"form-field-email\" class=\"elementor-field-label\">\n\t\t\t\t\t\t\t\tE-mail\t\t\t\t\t\t\t<\/label>\n\t\t\t\t\t\t\t\t\t\t\t\t\t\t<input size=\"1\" type=\"email\" name=\"form_fields[email]\" id=\"form-field-email\" class=\"elementor-field elementor-size-sm  elementor-field-textual\" placeholder=\"E-mail\" required=\"required\">\n\t\t\t\t\t\t\t\t\t\t\t<\/div>\n\t\t\t\t\t\t\t\t<div class=\"elementor-field-type-textarea elementor-field-group elementor-column elementor-field-group-message elementor-col-100\">\n\t\t\t\t\t\t\t\t\t\t\t\t<label for=\"form-field-message\" class=\"elementor-field-label\">\n\t\t\t\t\t\t\t\tMessage\t\t\t\t\t\t\t<\/label>\n\t\t\t\t\t\t<textarea class=\"elementor-field-textual elementor-field  elementor-size-sm\" name=\"form_fields[message]\" id=\"form-field-message\" rows=\"4\" placeholder=\"Message\"><\/textarea>\t\t\t\t<\/div>\n\t\t\t\t\t\t\t\t<div class=\"elementor-field-type-recaptcha_v3 elementor-field-group elementor-column elementor-field-group-field_aad912a elementor-col-100 recaptcha_v3-bottomright\">\n\t\t\t\t\t<div class=\"elementor-field\" id=\"form-field-field_aad912a\"><div class=\"elementor-g-recaptcha\" data-sitekey=\"6LcU40wsAAAAAKRC3pmaSNXOlCQnNwatAEMdsLEt\" data-type=\"v3\" data-action=\"Form\" data-badge=\"bottomright\" data-size=\"invisible\"><\/div><\/div>\t\t\t\t<\/div>\n\t\t\t\t\t\t\t\t<div class=\"elementor-field-group elementor-column elementor-field-type-submit elementor-col-100 e-form__buttons\">\n\t\t\t\t\t<button class=\"elementor-button elementor-size-sm elementor-animation-pulse\" type=\"submit\">\n\t\t\t\t\t\t<span class=\"elementor-button-content-wrapper\">\n\t\t\t\t\t\t\t\t\t\t\t\t\t\t\t\t\t\t\t\t\t\t<span class=\"elementor-button-text\">Envoyer<\/span>\n\t\t\t\t\t\t\t\t\t\t\t\t\t<\/span>\n\t\t\t\t\t<\/button>\n\t\t\t\t<\/div>\n\t\t\t<\/div>\n\t\t<\/form>\n\t\t\t\t\t\t<\/div>\n\t\t\t\t<\/div>\n\t\t<div class=\"elementor-element elementor-element-d81db53 e-con-full e-flex e-con e-child\" data-id=\"d81db53\" data-element_type=\"container\" data-e-type=\"container\">\n\t\t\t\t<div class=\"elementor-element elementor-element-9b3c519 elementor-widget elementor-widget-google_maps\" data-id=\"9b3c519\" data-element_type=\"widget\" data-e-type=\"widget\" data-widget_type=\"google_maps.default\">\n\t\t\t\t\t\t\t<div class=\"elementor-custom-embed\">\n\t\t\t<iframe loading=\"lazy\"\n\t\t\t\t\tsrc=\"https:\/\/maps.google.com\/maps?q=15%20AVENUE%20FRANCOIS%20MITTERRAND%2033700%20MERIGNAC&#038;t=m&#038;z=10&#038;output=embed&#038;iwloc=near\"\n\t\t\t\t\ttitle=\"15 AVENUE FRANCOIS MITTERRAND 33700 MERIGNAC\"\n\t\t\t\t\taria-label=\"15 AVENUE FRANCOIS MITTERRAND 33700 MERIGNAC\"\n\t\t\t><\/iframe>\n\t\t<\/div>\n\t\t\t\t\t\t<\/div>\n\t\t\t\t<\/div>\n\t\t\t\t<\/div>\n\t\t\t\t<\/div>\n\t\t","protected":false},"excerpt":{"rendered":"<p>Soho Aquitaine M\u00c9RIGNAC 15 AVENUE FRANCOIS MITTERRAND 33700 MERIGNAC T\u00e9l\u00e9phone+33 5 56 90 15 55 Agenceagence@soho-aquitaine.com Linkedin Instagram Youtube<\/p>","protected":false},"author":2,"featured_media":0,"parent":0,"menu_order":0,"comment_status":"closed","ping_status":"closed","template":"","meta":{"_acf_changed":false,"footnotes":""},"class_list":["post-620","page","type-page","status-publish","hentry"],"blocksy_meta":{"has_hero_section":"disabled","styles_descriptor":{"styles":{"desktop":"","tablet":"","mobile":""},"google_fonts":[],"version":6}},"acf":[],"yoast_head":"<!-- This site is optimized with the Yoast SEO plugin v27.5 - https:\/\/yoast.com\/product\/yoast-seo-wordpress\/ -->\n<title>Contact - SOHO Aquitaine<\/title>\n<meta name=\"robots\" content=\"index, follow, max-snippet:-1, max-image-preview:large, max-video-preview:-1\" \/>\n<link rel=\"canonical\" href=\"https:\/\/soho-aquitaine.com\/en\/contact\/\" \/>\n<meta property=\"og:locale\" content=\"en_US\" \/>\n<meta property=\"og:type\" content=\"article\" \/>\n<meta property=\"og:title\" content=\"Contact - SOHO Aquitaine\" \/>\n<meta property=\"og:description\" content=\"Soho Aquitaine M\u00c9RIGNAC 15 AVENUE FRANCOIS MITTERRAND 33700 MERIGNAC T\u00e9l\u00e9phone+33 5 56 90 15 55 Agenceagence@soho-aquitaine.com Linkedin Instagram Youtube\" \/>\n<meta property=\"og:url\" content=\"https:\/\/soho-aquitaine.com\/en\/contact\/\" \/>\n<meta property=\"og:site_name\" content=\"SOHO Aquitaine\" \/>\n<meta property=\"article:modified_time\" content=\"2026-01-30T15:52:36+00:00\" \/>\n<meta property=\"og:image\" content=\"https:\/\/soho-aquitaine.com\/wp-content\/uploads\/2025\/11\/Capture-decran-2025-11-04-143944.png\" \/>\n\t<meta property=\"og:image:width\" content=\"1418\" \/>\n\t<meta property=\"og:image:height\" content=\"1140\" \/>\n\t<meta property=\"og:image:type\" content=\"image\/png\" \/>\n<meta name=\"twitter:card\" content=\"summary_large_image\" \/>\n<meta name=\"twitter:label1\" content=\"Est. reading time\" \/>\n\t<meta name=\"twitter:data1\" content=\"1 minute\" \/>\n<script type=\"application\/ld+json\" class=\"yoast-schema-graph\">{\"@context\":\"https:\\\/\\\/schema.org\",\"@graph\":[{\"@type\":\"WebPage\",\"@id\":\"https:\\\/\\\/soho-aquitaine.com\\\/contact\\\/\",\"url\":\"https:\\\/\\\/soho-aquitaine.com\\\/contact\\\/\",\"name\":\"Contact - SOHO Aquitaine\",\"isPartOf\":{\"@id\":\"https:\\\/\\\/soho-aquitaine.com\\\/#website\"},\"primaryImageOfPage\":{\"@id\":\"https:\\\/\\\/soho-aquitaine.com\\\/contact\\\/#primaryimage\"},\"image\":{\"@id\":\"https:\\\/\\\/soho-aquitaine.com\\\/contact\\\/#primaryimage\"},\"thumbnailUrl\":\"https:\\\/\\\/soho-aquitaine.com\\\/wp-content\\\/uploads\\\/2025\\\/11\\\/Capture-decran-2025-11-04-143944-1024x823.png\",\"datePublished\":\"2024-08-10T07:32:52+00:00\",\"dateModified\":\"2026-01-30T15:52:36+00:00\",\"breadcrumb\":{\"@id\":\"https:\\\/\\\/soho-aquitaine.com\\\/contact\\\/#breadcrumb\"},\"inLanguage\":\"en-US\",\"potentialAction\":[{\"@type\":\"ReadAction\",\"target\":[\"https:\\\/\\\/soho-aquitaine.com\\\/contact\\\/\"]}]},{\"@type\":\"ImageObject\",\"inLanguage\":\"en-US\",\"@id\":\"https:\\\/\\\/soho-aquitaine.com\\\/contact\\\/#primaryimage\",\"url\":\"https:\\\/\\\/soho-aquitaine.com\\\/wp-content\\\/uploads\\\/2025\\\/11\\\/Capture-decran-2025-11-04-143944-1024x823.png\",\"contentUrl\":\"https:\\\/\\\/soho-aquitaine.com\\\/wp-content\\\/uploads\\\/2025\\\/11\\\/Capture-decran-2025-11-04-143944-1024x823.png\"},{\"@type\":\"BreadcrumbList\",\"@id\":\"https:\\\/\\\/soho-aquitaine.com\\\/contact\\\/#breadcrumb\",\"itemListElement\":[{\"@type\":\"ListItem\",\"position\":1,\"name\":\"Accueil\",\"item\":\"https:\\\/\\\/soho-aquitaine.com\\\/\"},{\"@type\":\"ListItem\",\"position\":2,\"name\":\"Contact\"}]},{\"@type\":\"WebSite\",\"@id\":\"https:\\\/\\\/soho-aquitaine.com\\\/#website\",\"url\":\"https:\\\/\\\/soho-aquitaine.com\\\/\",\"name\":\"SOHO Aquitaine\",\"description\":\"\",\"publisher\":{\"@id\":\"https:\\\/\\\/soho-aquitaine.com\\\/#organization\"},\"potentialAction\":[{\"@type\":\"SearchAction\",\"target\":{\"@type\":\"EntryPoint\",\"urlTemplate\":\"https:\\\/\\\/soho-aquitaine.com\\\/?s={search_term_string}\"},\"query-input\":{\"@type\":\"PropertyValueSpecification\",\"valueRequired\":true,\"valueName\":\"search_term_string\"}}],\"inLanguage\":\"en-US\"},{\"@type\":\"Organization\",\"@id\":\"https:\\\/\\\/soho-aquitaine.com\\\/#organization\",\"name\":\"SOHO Aquitaine\",\"url\":\"https:\\\/\\\/soho-aquitaine.com\\\/\",\"logo\":{\"@type\":\"ImageObject\",\"inLanguage\":\"en-US\",\"@id\":\"https:\\\/\\\/soho-aquitaine.com\\\/#\\\/schema\\\/logo\\\/image\\\/\",\"url\":\"https:\\\/\\\/soho-aquitaine.com\\\/wp-content\\\/uploads\\\/2025\\\/10\\\/LOGO-NB-SOHO-AQUITAINE.jpg\",\"contentUrl\":\"https:\\\/\\\/soho-aquitaine.com\\\/wp-content\\\/uploads\\\/2025\\\/10\\\/LOGO-NB-SOHO-AQUITAINE.jpg\",\"width\":928,\"height\":478,\"caption\":\"SOHO Aquitaine\"},\"image\":{\"@id\":\"https:\\\/\\\/soho-aquitaine.com\\\/#\\\/schema\\\/logo\\\/image\\\/\"},\"sameAs\":[\"https:\\\/\\\/www.linkedin.com\\\/company\\\/soho-aquitaine\\\/\",\"https:\\\/\\\/www.instagram.com\\\/soho_archi\\\/\",\"https:\\\/\\\/www.youtube.com\\\/@soho_archi\"]}]}<\/script>\n<!-- \/ Yoast SEO plugin. -->","yoast_head_json":{"title":"Contact - SOHO Aquitaine","robots":{"index":"index","follow":"follow","max-snippet":"max-snippet:-1","max-image-preview":"max-image-preview:large","max-video-preview":"max-video-preview:-1"},"canonical":"https:\/\/soho-aquitaine.com\/en\/contact\/","og_locale":"en_US","og_type":"article","og_title":"Contact - SOHO Aquitaine","og_description":"Soho Aquitaine M\u00c9RIGNAC 15 AVENUE FRANCOIS MITTERRAND 33700 MERIGNAC T\u00e9l\u00e9phone+33 5 56 90 15 55 Agenceagence@soho-aquitaine.com Linkedin Instagram Youtube","og_url":"https:\/\/soho-aquitaine.com\/en\/contact\/","og_site_name":"SOHO Aquitaine","article_modified_time":"2026-01-30T15:52:36+00:00","og_image":[{"width":1418,"height":1140,"url":"https:\/\/soho-aquitaine.com\/wp-content\/uploads\/2025\/11\/Capture-decran-2025-11-04-143944.png","type":"image\/png"}],"twitter_card":"summary_large_image","twitter_misc":{"Est. reading time":"1 minute"},"schema":{"@context":"https:\/\/schema.org","@graph":[{"@type":"WebPage","@id":"https:\/\/soho-aquitaine.com\/contact\/","url":"https:\/\/soho-aquitaine.com\/contact\/","name":"Contact - SOHO Aquitaine","isPartOf":{"@id":"https:\/\/soho-aquitaine.com\/#website"},"primaryImageOfPage":{"@id":"https:\/\/soho-aquitaine.com\/contact\/#primaryimage"},"image":{"@id":"https:\/\/soho-aquitaine.com\/contact\/#primaryimage"},"thumbnailUrl":"https:\/\/soho-aquitaine.com\/wp-content\/uploads\/2025\/11\/Capture-decran-2025-11-04-143944-1024x823.png","datePublished":"2024-08-10T07:32:52+00:00","dateModified":"2026-01-30T15:52:36+00:00","breadcrumb":{"@id":"https:\/\/soho-aquitaine.com\/contact\/#breadcrumb"},"inLanguage":"en-US","potentialAction":[{"@type":"ReadAction","target":["https:\/\/soho-aquitaine.com\/contact\/"]}]},{"@type":"ImageObject","inLanguage":"en-US","@id":"https:\/\/soho-aquitaine.com\/contact\/#primaryimage","url":"https:\/\/soho-aquitaine.com\/wp-content\/uploads\/2025\/11\/Capture-decran-2025-11-04-143944-1024x823.png","contentUrl":"https:\/\/soho-aquitaine.com\/wp-content\/uploads\/2025\/11\/Capture-decran-2025-11-04-143944-1024x823.png"},{"@type":"BreadcrumbList","@id":"https:\/\/soho-aquitaine.com\/contact\/#breadcrumb","itemListElement":[{"@type":"ListItem","position":1,"name":"Accueil","item":"https:\/\/soho-aquitaine.com\/"},{"@type":"ListItem","position":2,"name":"Contact"}]},{"@type":"WebSite","@id":"https:\/\/soho-aquitaine.com\/#website","url":"https:\/\/soho-aquitaine.com\/","name":"SOHO Aquitaine","description":"","publisher":{"@id":"https:\/\/soho-aquitaine.com\/#organization"},"potentialAction":[{"@type":"SearchAction","target":{"@type":"EntryPoint","urlTemplate":"https:\/\/soho-aquitaine.com\/?s={search_term_string}"},"query-input":{"@type":"PropertyValueSpecification","valueRequired":true,"valueName":"search_term_string"}}],"inLanguage":"en-US"},{"@type":"Organization","@id":"https:\/\/soho-aquitaine.com\/#organization","name":"SOHO Aquitaine","url":"https:\/\/soho-aquitaine.com\/","logo":{"@type":"ImageObject","inLanguage":"en-US","@id":"https:\/\/soho-aquitaine.com\/#\/schema\/logo\/image\/","url":"https:\/\/soho-aquitaine.com\/wp-content\/uploads\/2025\/10\/LOGO-NB-SOHO-AQUITAINE.jpg","contentUrl":"https:\/\/soho-aquitaine.com\/wp-content\/uploads\/2025\/10\/LOGO-NB-SOHO-AQUITAINE.jpg","width":928,"height":478,"caption":"SOHO Aquitaine"},"image":{"@id":"https:\/\/soho-aquitaine.com\/#\/schema\/logo\/image\/"},"sameAs":["https:\/\/www.linkedin.com\/company\/soho-aquitaine\/","https:\/\/www.instagram.com\/soho_archi\/","https:\/\/www.youtube.com\/@soho_archi"]}]}},"_links":{"self":[{"href":"https:\/\/soho-aquitaine.com\/en\/wp-json\/wp\/v2\/pages\/620","targetHints":{"allow":["GET"]}}],"collection":[{"href":"https:\/\/soho-aquitaine.com\/en\/wp-json\/wp\/v2\/pages"}],"about":[{"href":"https:\/\/soho-aquitaine.com\/en\/wp-json\/wp\/v2\/types\/page"}],"author":[{"embeddable":true,"href":"https:\/\/soho-aquitaine.com\/en\/wp-json\/wp\/v2\/users\/2"}],"replies":[{"embeddable":true,"href":"https:\/\/soho-aquitaine.com\/en\/wp-json\/wp\/v2\/comments?post=620"}],"version-history":[{"count":69,"href":"https:\/\/soho-aquitaine.com\/en\/wp-json\/wp\/v2\/pages\/620\/revisions"}],"predecessor-version":[{"id":2985,"href":"https:\/\/soho-aquitaine.com\/en\/wp-json\/wp\/v2\/pages\/620\/revisions\/2985"}],"wp:attachment":[{"href":"https:\/\/soho-aquitaine.com\/en\/wp-json\/wp\/v2\/media?parent=620"}],"curies":[{"name":"wp","href":"https:\/\/api.w.org\/{rel}","templated":true}]}}